{"id":647,"date":"2025-07-22T16:26:33","date_gmt":"2025-07-22T14:26:33","guid":{"rendered":"https:\/\/nextbike-live.pluspol-networks.de\/zagreb\/?page_id=647"},"modified":"2025-12-18T16:39:57","modified_gmt":"2025-12-18T15:39:57","slug":"station-map","status":"publish","type":"page","link":"https:\/\/bajs.zagreb.hr\/en\/station-map\/","title":{"rendered":"Station map"},"content":{"rendered":"<div class=\"wpb-content-wrapper\"><p>[vc_row][vc_column][vc_column_text css=&#8221;&#8221;]<\/p>\n<h1>Station map<\/h1>\n<p><nb-website-map\n            style='width: 100%; height: 600px; font-size: 16px'\n            nb-api-key='S7xARXHNVvmUUc5h'\n            nb-show-legend='true'\n            show-searchbox='false'\n            nb-language='hr'\n            nb-brands='hd'\n            nb-zoom='14'\n            nb-cities='1172'\n            nb-cities-focus='1172'\n            nb-branding='hd'\n        ><\/nb-website-map>[\/vc_column_text][\/vc_column][\/vc_row][vc_row][vc_column width=&#8221;1\/2&#8243;][vc_column_text css=&#8221;&#8221;]<strong>LIST OF ACTIVE STATIONS:<br \/>\n<\/strong><\/p>\n<p>21204 ADMIRAL HOTEL<br \/>\n21237 ARENA ZAGREB<br \/>\n21207 AUTOBUSNI KOLODVOR<br \/>\n21200 AUTOBUSNI TERMINAL SESVETE<br \/>\n21256 AUTOBUSNO STAJALI\u0160TE DUBEC<br \/>\n21253 AUTOBUSNO STAJALI\u0160TE PRIGORNICA<br \/>\n21372 AVENIJA V. HOLJEVCA &#8211; BUZINSKI PRILAZ<br \/>\n21373 AVENIJA V. HOLJEVCA &#8211; UL. M. MIHOLI\u0106A<br \/>\n21208 AVENUE MALL<br \/>\n21303 BARUTANSKI BREG &#8211; BUKOVA\u010cKA CESTA<br \/>\n21251 BASEBALL CLUB ZAGREB<br \/>\n21246 BA\u0160TIJANOVA UL. &#8211; GOLIKOVA UL.<br \/>\n21238 BAZEN UTRINA<br \/>\n21232 BORONGAJ OKRETI\u0160TE<br \/>\n21380 BORONGAJSKA CESTA &#8211; UL. M. \u010cAVI\u0106A<br \/>\n21263 BRA\u0106E DOMANY<br \/>\n21378 BRANIMIROVA ULICA 130A<br \/>\n21354 BUNDEK<br \/>\n21209 BUZIN SUPERNOVA<br \/>\n21334 CARINARNICA ZAGREB<br \/>\n21234 CENTAR BUNDEK<br \/>\n21304 CRKVA SV. MATI SLOBODE<br \/>\n21212 \u010cRNOMEREC OKRETI\u0160TE<br \/>\n21249 DOM ZDRAVLJA SIGET<br \/>\n21292 DRA\u0160KOVI\u0106EVA UL.<br \/>\n21305 DRA\u0160KOVI\u0106EVA UL. &#8211; UL. KNEZA MISLAVA<br \/>\n21210 DUBEC OKRETI\u0160TE<br \/>\n21214 DUBRAVA OKRETI\u0160TE<br \/>\n21286 DUBRAVA SUPERNOVA<br \/>\n21258 EUROSPIN DUBRAVA<br \/>\n21261 FILOZOFSKI FAKULTET<br \/>\n21306 FRANKOPANSKA UL.<br \/>\n21307 GAJEVA UL. &#8211; UL. NIKOLE TESLE<br \/>\n21370 GAJNICE UL. &#8211; GRINTAVE\u010cKA UL.<br \/>\n21247 GIMNAZIJA SESVETE<br \/>\n21321 GOMBO\u0160EVA UL. &#8211; HRELI\u0106KA UL.<br \/>\n21220 GREEN GOLD<br \/>\n21367 GUP\u010cEVA ZVIJEZDA<br \/>\n21206 HAK<br \/>\n21308 HORVA\u0106ANSKA CESTA &#8211; ULICA HRVATSKOG SOKOLA<br \/>\n21229 HOTEL ZONAR<br \/>\n21260 HRVATSKO KATOLI\u010cKO SVEU\u010cILI\u0160TE<br \/>\n21309 IVANI\u0106GRADSKA UL.<br \/>\n21310 JARUNSKA UL. &#8211; HRGOVI\u0106I<br \/>\n21363 JUKI\u0106EVA UL. &#8211; UL. ISIDORA KR\u0160NJAVOG<br \/>\n21375 JU\u017dNA ULICA &#8211; BRANIMIROVA UL.<br \/>\n21222 KAMPUS BORONGAJ<br \/>\n21259 KB DUBRAVA<br \/>\n21264 KBC REBRO<br \/>\n21311 KING CROSS JANKOMIR<br \/>\n21288 KLIZALI\u0160TE VELESAJAM<br \/>\n21362 KNINSKI TRG &#8211; VRBIK<br \/>\n21364 KORANSKA UL.<br \/>\n21267 KRUGE<br \/>\n21250 KULTURNI CENTAR DUBRAVA<br \/>\n21313 LASTOVSKA UL.<br \/>\n21221 MAKSIMIR<br \/>\n21314 MAKSIMIRSKA CESTA 51<br \/>\n21315 MARTI\u0106EVA UL. &#8211; UL. FRANE BULI\u0106A<br \/>\n21201 MIHALJEVAC OKRETI\u0160TE<br \/>\n21293 MIROGOJ<br \/>\n21233 MLADOST<br \/>\n21243 MUP HEINZELOVA<br \/>\n21235 NACIONALNA I SVEU\u010cILI\u0160NA KNJI\u017dNICA<br \/>\n21347 OKRETI\u0160TE PRE\u010cKO<br \/>\n21271 OKTOGON DUGAVE<br \/>\n21317 ORANICE &#8211; UL. I.BRLI\u0106-MA\u017dURANI\u0106<br \/>\n21294 O\u0160 IVE ANDRI\u0106A &#8211; SOPOT<br \/>\n21287 OSNOVNA \u0160KOLA KAJZERICA<br \/>\n21280 OSNOVNA \u0160KOLA MALE\u0160NICA<br \/>\n21290 PARK KATE \u0160OLJI\u0106<br \/>\n21272 PARK STARA TRE\u0160NJEVKA<br \/>\n21248 PERJAVICA<br \/>\n21365 PERKOV\u010cEVA UL.<br \/>\n21241 PETRINJSKA<br \/>\n21368 PETROVA UL. &#8211; UL. IVANA ZAJCA<br \/>\n21319 PIEROTTIJEVA UL.<br \/>\n21295 PODBRE\u017dJE<br \/>\n21274 PODSUSED OKRETI\u0160TE<br \/>\n21369 POGON JEDINSTVO<br \/>\n21351 POINT CENTAR VRBANI<br \/>\n21379 POTOK KUSTO\u0160AK<br \/>\n21244 PRERADOVI\u0106EVA UL.<br \/>\n21242 PRISAVLJE 14 &#8211; KOCKICA<br \/>\n21345 PU\u010cKO OTVORENO U\u010cILI\u0160TE<br \/>\n21360 RADNI\u010cKA CESTA 212A<br \/>\n21359 RADNI\u010cKA CESTA 228<br \/>\n21297 RADNI\u010cKA UL. &#8211; UL. FRANA FOLNEGOVI\u0106A<br \/>\n21296 RADNI\u010cKI DOL[\/vc_column_text][\/vc_column][vc_column width=&#8221;1\/2&#8243;][vc_column_text css=&#8221;&#8221;]21329 REMETINE\u010cKA CESTA &#8211; SAVSKI GAJ XIII<br \/>\n21216 REMIZA LJUBLJANICA<br \/>\n21203 ROTOR REMETINEC<br \/>\n21318 R\u0160C JARUN &#8211; PETRINE<br \/>\n21266 RTL<br \/>\n21223 S.D. ANTE STAR\u010cEVI\u0106<br \/>\n21219 S.D. CVJETNO NASELJE<br \/>\n21213 S.D. STJEPAN RADI\u0106<br \/>\n21361 SAJMI\u0160NA CESTA<br \/>\n21330 SAVSKA CESTA &#8211; SLAVONSKA AVENIJA<br \/>\n21331 SAVSKA CESTA 150<br \/>\n21215 SAVSKI MOST OKRETI\u0160TE<br \/>\n21268 SC TRNJE<br \/>\n21320 SD SUTINSKA VRELA<br \/>\n21322 SELSKA CESTA &#8211; UL. BLA\u017dA TROGIRANINA<br \/>\n21352 \u0160ETALI\u0160TE JURIJA GAGARINA<br \/>\n21275 \u0160ETNICA DRAGUTINA ALBRECHTA<br \/>\n21217 SHOPPING CENTAR PRE\u010cKO<br \/>\n21332 SLAVONSKA AVENIJA &#8211; KOLODOV\u010cINA<br \/>\n21333 SLAVONSKA AVENIJA &#8211; TRNJANSKA CESTA<br \/>\n21357 SOPOT<br \/>\n21283 SPORTSKA DVORANA PE\u0160\u010cENICA<br \/>\n21255 SREDNJA \u0160KOLA JELKOVEC<br \/>\n21254 SUPER ANDRIJA SIGET<br \/>\n21211 SVEU\u010cILI\u0160TE ALGEBRA<br \/>\n21269 TC SAVICA<br \/>\n21277 TKAL\u010cI\u0106EVA UL.<br \/>\n21224 TRATINSKA UL. &#8211; SAVSKA UL.<br \/>\n21355 TRAVNO &#8211; MAMUTICA<br \/>\n21225 TRE\u0160NJEVA\u010cKI TRG<br \/>\n21299 TRG 101. BRIGADE<br \/>\n21278 TRG DR. FRANJE TU\u0110MANA<br \/>\n21226 TRG EUGENA KVATERNIKA<br \/>\n21279 TRG HRVATSKIH VELIKANA<br \/>\n21335 TRG IVANA KUKULJEVI\u0106A<br \/>\n21227 TRG KATARINE ZRINSKE<br \/>\n21228 TRG KRALJA TOMISLAVA<br \/>\n21336 TRG MARKA MARULI\u0106A<br \/>\n21300 TRG NIKOLE ZRINSKOG<br \/>\n21245 TRG REPUBLIKE HRVATSKE<br \/>\n21230 TRG STJEPANA RADI\u0106A<br \/>\n21231 TRG \u017dRTAVA FA\u0160IZMA<br \/>\n21301 TRNSKO 34B<br \/>\n21302 TR\u017dNI CENTAR ZAPRU\u0110E<br \/>\n21262 TR\u017dNICA JARUN<br \/>\n21337 TR\u017dNICA KVATRI\u0106<br \/>\n21281 TR\u017dNICA \u0160PANSKO<br \/>\n21289 TR\u017dNICA VRAP\u010cE<br \/>\n21338 TVORNICA KULTURE<br \/>\n21324 UL. A. HARAMBA\u0160I\u0106A &#8211; TRG J.F. KENNEDEY<br \/>\n21343 UL. A. \u0160OLJANA &#8211; OKRETI\u0160TE<br \/>\n21323 UL. A. \u0160OLJANA &#8211; UL. GUSTAVA KRKLECA<br \/>\n21252 UL. BO\u017dIDARA MAGOVCA<br \/>\n21291 UL. BO\u017dIDARA MAGOVCA &#8211; UKRAJINSKA UL.<br \/>\n21339 UL. DRAGUTINA GOLIKA &#8211; GABO\u0160KA UL.<br \/>\n21344 UL. F. PETRA\u010cI\u0106A &#8211; UL. A.\u017dAJE<br \/>\n21282 UL. GRADA CHICAGA<br \/>\n21325 UL. GRADA MAINZA &#8211; VODOVODNA UL.<br \/>\n21326 UL. GRADA VUKOVARA &#8211; OLIBSKA UL.<br \/>\n21340 UL. GRADA VUKOVARA &#8211; UL. V. HEINZELA<br \/>\n21284 UL. GRADA VUKOVARA 52<br \/>\n21353 UL. HRGOVI\u0106I &#8211; ZAGREBA\u010cKA AVENIJA<br \/>\n21236 UL. HRVATSKOG SOKOLA &#8211; JARUN<br \/>\n21341 UL. J.HATZEA &#8211; DOBRONI\u0106EVA UL.<br \/>\n21265 UL. JORDANOVAC<br \/>\n21312 UL. KOSTE VOJNOVI\u0106A<br \/>\n21270 UL. LJUDEVITA POSAVSKOG \u2013 UL. BALTAZARA BOGI\u0160I\u0106A<br \/>\n21346 UL. MAJSTORA RADONJE &#8211; UL. SREDNJACI<br \/>\n21327 UL. MEDPOTOKI &#8211; JOVIN\u010cEVA UL.<br \/>\n21316 UL. MILKE TRNINE<br \/>\n21285 UL. REPUBLIKE AUSTRIJE<br \/>\n21342 UL. S.ALI\u0106A &#8211; UL. S.DRAGANI\u0106A<br \/>\n21348 UL. SV. MATEJA<br \/>\n21376 UL. T. UJEVI\u0106A &#8211; ALBAHARIJEVA UL.<br \/>\n21298 UL. TRNSKO &#8211; UL. AVENIJA DUBROVNIK<br \/>\n21328 UL. V. HEINZELA &#8211; UL. BU\u017dANA<br \/>\n21377 UL. V. \u0160KORPIKA &#8211; SAMOBORSKA CESTA<br \/>\n21371 UL. V. VARI\u0106AKA 12<br \/>\n21218 VLA\u0160KA UL.<br \/>\n21239 VRAP\u010cE OKRETI\u0160TE<br \/>\n21273 VUKOVARSKA UL. &#8211; DR\u017dI\u0106EVA UL.<br \/>\n21356 Z CENTAR<br \/>\n21374 ZAGREBA\u010cKA AVENIJA 100<br \/>\n21349 ZAGREBA\u010cKA CESTA 126<br \/>\n21257 ZAGREBA\u010cKA CESTA 199<br \/>\n21350 ZAGREBA\u010cKA CESTA 231<br \/>\n21205 ZAGREBA\u010cKI VELESAJAM<br \/>\n21276 ZELENA TR\u017dNICA<br \/>\n21240 \u017dELJEZNI\u010cKO STAJALI\u0160TE GAJNICE<br \/>\n21358 \u017dI\u010cARA SLJEME[\/vc_column_text][\/vc_column][\/vc_row]<\/p>\n<\/div>","protected":false},"excerpt":{"rendered":"<p>[vc_row][vc_column][vc_column_text css=&#8221;&#8221;] Station map [\/vc_column_text][\/vc_column][\/vc_row][vc_row][vc_column width=&#8221;1\/2&#8243;][vc_column_text css=&#8221;&#8221;]LIST OF ACTIVE STATIONS: 21204 ADMIRAL HOTEL 21237 ARENA ZAGREB 21207 AUTOBUSNI KOLODVOR 21200 AUTOBUSNI TERMINAL SESVETE 21256 AUTOBUSNO STAJALI\u0160TE DUBEC 21253 AUTOBUSNO STAJALI\u0160TE PRIGORNICA 21372 AVENIJA V. HOLJEVCA &#8211; BUZINSKI PRILAZ 21373 AVENIJA V. HOLJEVCA &#8211; UL. M. MIHOLI\u0106A 21208 AVENUE MALL 21303 BARUTANSKI BREG &#8211; BUKOVA\u010cKA CESTA [&hellip;]<\/p>\n","protected":false},"author":13,"featured_media":0,"parent":0,"menu_order":0,"comment_status":"closed","ping_status":"closed","template":"page-bubble.php","meta":{"_acf_changed":false,"inline_featured_image":false,"footnotes":""},"class_list":["post-647","page","type-page","status-publish","hentry"],"acf":[],"yoast_head":"<!-- This site is optimized with the Yoast SEO plugin v27.2 - https:\/\/yoast.com\/product\/yoast-seo-wordpress\/ -->\n<title>Station map - Bajs Zagreb<\/title>\n<meta name=\"description\" content=\"Check the locations of Bajs stations and find the next bike for your ride in Zagreb.\" \/>\n<meta name=\"robots\" content=\"index, follow, max-snippet:-1, max-image-preview:large, max-video-preview:-1\" \/>\n<link rel=\"canonical\" href=\"https:\/\/bajs.zagreb.hr\/en\/station-map\/\" \/>\n<meta property=\"og:locale\" content=\"en_US\" \/>\n<meta property=\"og:type\" content=\"article\" \/>\n<meta property=\"og:title\" content=\"Station map - Bajs Zagreb\" \/>\n<meta property=\"og:description\" content=\"Check the locations of Bajs stations and find the next bike for your ride in Zagreb.\" \/>\n<meta property=\"og:url\" content=\"https:\/\/bajs.zagreb.hr\/en\/station-map\/\" \/>\n<meta property=\"og:site_name\" content=\"Zagreb\" \/>\n<meta property=\"article:modified_time\" content=\"2025-12-18T15:39:57+00:00\" \/>\n<meta name=\"twitter:card\" content=\"summary_large_image\" \/>\n<meta name=\"twitter:label1\" content=\"Est. reading time\" \/>\n\t<meta name=\"twitter:data1\" content=\"1 minute\" \/>\n<script type=\"application\/ld+json\" class=\"yoast-schema-graph\">{\"@context\":\"https:\/\/schema.org\",\"@graph\":[{\"@type\":\"WebPage\",\"@id\":\"https:\/\/bajs.zagreb.hr\/en\/station-map\/\",\"url\":\"https:\/\/bajs.zagreb.hr\/en\/station-map\/\",\"name\":\"Station map - Bajs Zagreb\",\"isPartOf\":{\"@id\":\"https:\/\/bajs.zagreb.hr\/en\/#website\"},\"datePublished\":\"2025-07-22T14:26:33+00:00\",\"dateModified\":\"2025-12-18T15:39:57+00:00\",\"description\":\"Check the locations of Bajs stations and find the next bike for your ride in Zagreb.\",\"breadcrumb\":{\"@id\":\"https:\/\/bajs.zagreb.hr\/en\/station-map\/#breadcrumb\"},\"inLanguage\":\"en-US\",\"potentialAction\":[{\"@type\":\"ReadAction\",\"target\":[\"https:\/\/bajs.zagreb.hr\/en\/station-map\/\"]}]},{\"@type\":\"BreadcrumbList\",\"@id\":\"https:\/\/bajs.zagreb.hr\/en\/station-map\/#breadcrumb\",\"itemListElement\":[{\"@type\":\"ListItem\",\"position\":1,\"name\":\"Startseite\",\"item\":\"https:\/\/bajs.zagreb.hr\/en\/\"},{\"@type\":\"ListItem\",\"position\":2,\"name\":\"Station map\"}]},{\"@type\":\"WebSite\",\"@id\":\"https:\/\/bajs.zagreb.hr\/en\/#website\",\"url\":\"https:\/\/bajs.zagreb.hr\/en\/\",\"name\":\"Zagreb\",\"description\":\"Webstranica Bajs Zagreb\",\"potentialAction\":[{\"@type\":\"SearchAction\",\"target\":{\"@type\":\"EntryPoint\",\"urlTemplate\":\"https:\/\/bajs.zagreb.hr\/en\/?s={search_term_string}\"},\"query-input\":{\"@type\":\"PropertyValueSpecification\",\"valueRequired\":true,\"valueName\":\"search_term_string\"}}],\"inLanguage\":\"en-US\"}]}<\/script>\n<!-- \/ Yoast SEO plugin. -->","yoast_head_json":{"title":"Station map - Bajs Zagreb","description":"Check the locations of Bajs stations and find the next bike for your ride in Zagreb.","robots":{"index":"index","follow":"follow","max-snippet":"max-snippet:-1","max-image-preview":"max-image-preview:large","max-video-preview":"max-video-preview:-1"},"canonical":"https:\/\/bajs.zagreb.hr\/en\/station-map\/","og_locale":"en_US","og_type":"article","og_title":"Station map - Bajs Zagreb","og_description":"Check the locations of Bajs stations and find the next bike for your ride in Zagreb.","og_url":"https:\/\/bajs.zagreb.hr\/en\/station-map\/","og_site_name":"Zagreb","article_modified_time":"2025-12-18T15:39:57+00:00","twitter_card":"summary_large_image","twitter_misc":{"Est. reading time":"1 minute"},"schema":{"@context":"https:\/\/schema.org","@graph":[{"@type":"WebPage","@id":"https:\/\/bajs.zagreb.hr\/en\/station-map\/","url":"https:\/\/bajs.zagreb.hr\/en\/station-map\/","name":"Station map - Bajs Zagreb","isPartOf":{"@id":"https:\/\/bajs.zagreb.hr\/en\/#website"},"datePublished":"2025-07-22T14:26:33+00:00","dateModified":"2025-12-18T15:39:57+00:00","description":"Check the locations of Bajs stations and find the next bike for your ride in Zagreb.","breadcrumb":{"@id":"https:\/\/bajs.zagreb.hr\/en\/station-map\/#breadcrumb"},"inLanguage":"en-US","potentialAction":[{"@type":"ReadAction","target":["https:\/\/bajs.zagreb.hr\/en\/station-map\/"]}]},{"@type":"BreadcrumbList","@id":"https:\/\/bajs.zagreb.hr\/en\/station-map\/#breadcrumb","itemListElement":[{"@type":"ListItem","position":1,"name":"Startseite","item":"https:\/\/bajs.zagreb.hr\/en\/"},{"@type":"ListItem","position":2,"name":"Station map"}]},{"@type":"WebSite","@id":"https:\/\/bajs.zagreb.hr\/en\/#website","url":"https:\/\/bajs.zagreb.hr\/en\/","name":"Zagreb","description":"Webstranica Bajs Zagreb","potentialAction":[{"@type":"SearchAction","target":{"@type":"EntryPoint","urlTemplate":"https:\/\/bajs.zagreb.hr\/en\/?s={search_term_string}"},"query-input":{"@type":"PropertyValueSpecification","valueRequired":true,"valueName":"search_term_string"}}],"inLanguage":"en-US"}]}},"_links":{"self":[{"href":"https:\/\/bajs.zagreb.hr\/en\/wp-json\/wp\/v2\/pages\/647","targetHints":{"allow":["GET"]}}],"collection":[{"href":"https:\/\/bajs.zagreb.hr\/en\/wp-json\/wp\/v2\/pages"}],"about":[{"href":"https:\/\/bajs.zagreb.hr\/en\/wp-json\/wp\/v2\/types\/page"}],"author":[{"embeddable":true,"href":"https:\/\/bajs.zagreb.hr\/en\/wp-json\/wp\/v2\/users\/13"}],"replies":[{"embeddable":true,"href":"https:\/\/bajs.zagreb.hr\/en\/wp-json\/wp\/v2\/comments?post=647"}],"version-history":[{"count":35,"href":"https:\/\/bajs.zagreb.hr\/en\/wp-json\/wp\/v2\/pages\/647\/revisions"}],"predecessor-version":[{"id":833,"href":"https:\/\/bajs.zagreb.hr\/en\/wp-json\/wp\/v2\/pages\/647\/revisions\/833"}],"wp:attachment":[{"href":"https:\/\/bajs.zagreb.hr\/en\/wp-json\/wp\/v2\/media?parent=647"}],"curies":[{"name":"wp","href":"https:\/\/api.w.org\/{rel}","templated":true}]}}