{"id":515,"date":"2022-08-15T12:19:32","date_gmt":"2022-08-15T10:19:32","guid":{"rendered":"https:\/\/nextbike-live.pluspol-networks.de\/zagreb\/conditions\/"},"modified":"2025-08-08T14:14:13","modified_gmt":"2025-08-08T12:14:13","slug":"uvjetikoristenja","status":"publish","type":"page","link":"https:\/\/bajs.zagreb.hr\/hr\/uvjetikoristenja\/","title":{"rendered":"Uvjeti kori\u0161tenja"},"content":{"rendered":"<div class=\"wpb-content-wrapper\"><p>[vc_row][vc_column][vc_column_text]<h1>Odredbe i uvjeti<\/h1><a aria-label=\"Otvori u novoj kartici\" href=\"https:\/\/bajs.zagreb.hr\/wp-content\/uploads\/sites\/105\/2025\/08\/2025_08_06_BAJS_Opci_uvjeti_koristenja-hrven.pdf\" target=\"_blank\" class=\"ppi_agb_download_link\"><strong>Preuzmite kao PDF<\/strong><\/a>[\/vc_column_text][\/vc_column][\/vc_row]<\/p>\n<\/div>","protected":false},"excerpt":{"rendered":"<p>[vc_row][vc_column][vc_column_text][\/vc_column_text][\/vc_column][\/vc_row]<\/p>\n","protected":false},"author":2,"featured_media":0,"parent":0,"menu_order":0,"comment_status":"closed","ping_status":"closed","template":"","meta":{"_acf_changed":false,"inline_featured_image":false,"footnotes":""},"class_list":["post-515","page","type-page","status-publish","hentry"],"acf":[],"yoast_head":"<!-- This site is optimized with the Yoast SEO plugin v27.2 - https:\/\/yoast.com\/product\/yoast-seo-wordpress\/ -->\n<title>Uvjeti kori\u0161tenja - Zagreb<\/title>\n<meta name=\"description\" content=\"Uvjeti kori\u0161tenja nextbike aplikacije, web stranice i ostalih usluga koje pru\u017ea Sustav javnih bicikala d.o.o. na podru\u010dju Grada Zagreba.\" \/>\n<meta name=\"robots\" content=\"index, follow, max-snippet:-1, max-image-preview:large, max-video-preview:-1\" \/>\n<link rel=\"canonical\" href=\"https:\/\/bajs.zagreb.hr\/hr\/uvjetikoristenja\/\" \/>\n<meta property=\"og:locale\" content=\"hr_HR\" \/>\n<meta property=\"og:type\" content=\"article\" \/>\n<meta property=\"og:title\" content=\"Uvjeti kori\u0161tenja - Zagreb\" \/>\n<meta property=\"og:description\" content=\"Uvjeti kori\u0161tenja nextbike aplikacije, web stranice i ostalih usluga koje pru\u017ea Sustav javnih bicikala d.o.o. na podru\u010dju Grada Zagreba.\" \/>\n<meta property=\"og:url\" content=\"https:\/\/bajs.zagreb.hr\/hr\/uvjetikoristenja\/\" \/>\n<meta property=\"og:site_name\" content=\"Zagreb\" \/>\n<meta property=\"article:modified_time\" content=\"2025-08-08T12:14:13+00:00\" \/>\n<meta name=\"twitter:card\" content=\"summary_large_image\" \/>\n<meta name=\"twitter:label1\" content=\"Procijenjeno vrijeme \u010ditanja\" \/>\n\t<meta name=\"twitter:data1\" content=\"1 minuta\" \/>\n<script type=\"application\/ld+json\" class=\"yoast-schema-graph\">{\"@context\":\"https:\/\/schema.org\",\"@graph\":[{\"@type\":\"WebPage\",\"@id\":\"https:\/\/bajs.zagreb.hr\/hr\/uvjetikoristenja\/\",\"url\":\"https:\/\/bajs.zagreb.hr\/hr\/uvjetikoristenja\/\",\"name\":\"Uvjeti kori\u0161tenja - Zagreb\",\"isPartOf\":{\"@id\":\"https:\/\/bajs.zagreb.hr\/hr\/#website\"},\"datePublished\":\"2022-08-15T10:19:32+00:00\",\"dateModified\":\"2025-08-08T12:14:13+00:00\",\"description\":\"Uvjeti kori\u0161tenja nextbike aplikacije, web stranice i ostalih usluga koje pru\u017ea Sustav javnih bicikala d.o.o. na podru\u010dju Grada Zagreba.\",\"breadcrumb\":{\"@id\":\"https:\/\/bajs.zagreb.hr\/hr\/uvjetikoristenja\/#breadcrumb\"},\"inLanguage\":\"hr\",\"potentialAction\":[{\"@type\":\"ReadAction\",\"target\":[\"https:\/\/bajs.zagreb.hr\/hr\/uvjetikoristenja\/\"]}]},{\"@type\":\"BreadcrumbList\",\"@id\":\"https:\/\/bajs.zagreb.hr\/hr\/uvjetikoristenja\/#breadcrumb\",\"itemListElement\":[{\"@type\":\"ListItem\",\"position\":1,\"name\":\"Startseite\",\"item\":\"https:\/\/bajs.zagreb.hr\/hr\/\"},{\"@type\":\"ListItem\",\"position\":2,\"name\":\"Uvjeti kori\u0161tenja\"}]},{\"@type\":\"WebSite\",\"@id\":\"https:\/\/bajs.zagreb.hr\/hr\/#website\",\"url\":\"https:\/\/bajs.zagreb.hr\/hr\/\",\"name\":\"Zagreb\",\"description\":\"Eine weitere Nextbike Websites Website \",\"potentialAction\":[{\"@type\":\"SearchAction\",\"target\":{\"@type\":\"EntryPoint\",\"urlTemplate\":\"https:\/\/bajs.zagreb.hr\/hr\/?s={search_term_string}\"},\"query-input\":{\"@type\":\"PropertyValueSpecification\",\"valueRequired\":true,\"valueName\":\"search_term_string\"}}],\"inLanguage\":\"hr\"}]}<\/script>\n<!-- \/ Yoast SEO plugin. -->","yoast_head_json":{"title":"Uvjeti kori\u0161tenja - Zagreb","description":"Uvjeti kori\u0161tenja nextbike aplikacije, web stranice i ostalih usluga koje pru\u017ea Sustav javnih bicikala d.o.o. na podru\u010dju Grada Zagreba.","robots":{"index":"index","follow":"follow","max-snippet":"max-snippet:-1","max-image-preview":"max-image-preview:large","max-video-preview":"max-video-preview:-1"},"canonical":"https:\/\/bajs.zagreb.hr\/hr\/uvjetikoristenja\/","og_locale":"hr_HR","og_type":"article","og_title":"Uvjeti kori\u0161tenja - Zagreb","og_description":"Uvjeti kori\u0161tenja nextbike aplikacije, web stranice i ostalih usluga koje pru\u017ea Sustav javnih bicikala d.o.o. na podru\u010dju Grada Zagreba.","og_url":"https:\/\/bajs.zagreb.hr\/hr\/uvjetikoristenja\/","og_site_name":"Zagreb","article_modified_time":"2025-08-08T12:14:13+00:00","twitter_card":"summary_large_image","twitter_misc":{"Procijenjeno vrijeme \u010ditanja":"1 minuta"},"schema":{"@context":"https:\/\/schema.org","@graph":[{"@type":"WebPage","@id":"https:\/\/bajs.zagreb.hr\/hr\/uvjetikoristenja\/","url":"https:\/\/bajs.zagreb.hr\/hr\/uvjetikoristenja\/","name":"Uvjeti kori\u0161tenja - Zagreb","isPartOf":{"@id":"https:\/\/bajs.zagreb.hr\/hr\/#website"},"datePublished":"2022-08-15T10:19:32+00:00","dateModified":"2025-08-08T12:14:13+00:00","description":"Uvjeti kori\u0161tenja nextbike aplikacije, web stranice i ostalih usluga koje pru\u017ea Sustav javnih bicikala d.o.o. na podru\u010dju Grada Zagreba.","breadcrumb":{"@id":"https:\/\/bajs.zagreb.hr\/hr\/uvjetikoristenja\/#breadcrumb"},"inLanguage":"hr","potentialAction":[{"@type":"ReadAction","target":["https:\/\/bajs.zagreb.hr\/hr\/uvjetikoristenja\/"]}]},{"@type":"BreadcrumbList","@id":"https:\/\/bajs.zagreb.hr\/hr\/uvjetikoristenja\/#breadcrumb","itemListElement":[{"@type":"ListItem","position":1,"name":"Startseite","item":"https:\/\/bajs.zagreb.hr\/hr\/"},{"@type":"ListItem","position":2,"name":"Uvjeti kori\u0161tenja"}]},{"@type":"WebSite","@id":"https:\/\/bajs.zagreb.hr\/hr\/#website","url":"https:\/\/bajs.zagreb.hr\/hr\/","name":"Zagreb","description":"Eine weitere Nextbike Websites Website ","potentialAction":[{"@type":"SearchAction","target":{"@type":"EntryPoint","urlTemplate":"https:\/\/bajs.zagreb.hr\/hr\/?s={search_term_string}"},"query-input":{"@type":"PropertyValueSpecification","valueRequired":true,"valueName":"search_term_string"}}],"inLanguage":"hr"}]}},"_links":{"self":[{"href":"https:\/\/bajs.zagreb.hr\/hr\/wp-json\/wp\/v2\/pages\/515","targetHints":{"allow":["GET"]}}],"collection":[{"href":"https:\/\/bajs.zagreb.hr\/hr\/wp-json\/wp\/v2\/pages"}],"about":[{"href":"https:\/\/bajs.zagreb.hr\/hr\/wp-json\/wp\/v2\/types\/page"}],"author":[{"embeddable":true,"href":"https:\/\/bajs.zagreb.hr\/hr\/wp-json\/wp\/v2\/users\/2"}],"replies":[{"embeddable":true,"href":"https:\/\/bajs.zagreb.hr\/hr\/wp-json\/wp\/v2\/comments?post=515"}],"version-history":[{"count":3,"href":"https:\/\/bajs.zagreb.hr\/hr\/wp-json\/wp\/v2\/pages\/515\/revisions"}],"predecessor-version":[{"id":700,"href":"https:\/\/bajs.zagreb.hr\/hr\/wp-json\/wp\/v2\/pages\/515\/revisions\/700"}],"wp:attachment":[{"href":"https:\/\/bajs.zagreb.hr\/hr\/wp-json\/wp\/v2\/media?parent=515"}],"curies":[{"name":"wp","href":"https:\/\/api.w.org\/{rel}","templated":true}]}}