{"id":517,"date":"2022-08-11T12:13:47","date_gmt":"2022-08-11T10:13:47","guid":{"rendered":"https:\/\/nextbike-live.pluspol-networks.de\/zagreb\/imprint\/"},"modified":"2025-08-28T10:45:39","modified_gmt":"2025-08-28T08:45:39","slug":"impressum","status":"publish","type":"page","link":"https:\/\/bajs.zagreb.hr\/hr\/impressum\/","title":{"rendered":"Impressum"},"content":{"rendered":"<div class=\"wpb-content-wrapper\"><p>[vc_row][vc_column][vc_column_text]<h1>Impressum<\/h1>\n<p><strong>Tvrtka<br \/>\n<\/strong>Sustav javnih bicikala d.o.o.<\/p>\n<p><strong>Adresa<br \/>\n<\/strong>Prisavlje 2,\u00a0 Zagreb<\/p>\n<p><strong>OIB<br \/>\n<\/strong>97795935846<\/p>\n<p><strong>\u010clan uprave<br \/>\n<\/strong>Ante Gustin, direktor<\/p>\n<p><strong>Telefon<br \/>\n<\/strong>01 549 4477<\/p>\n<p><strong>E-mail<br \/>\n<a href=\"mailto:info@nextbike.hr\"><u>info@nextbike.hr<\/u><\/a><u>\u00a0<\/u><\/strong><\/p>\n[\/vc_column_text][\/vc_column][\/vc_row]<\/p>\n<\/div>","protected":false},"excerpt":{"rendered":"<p>[vc_row][vc_column][vc_column_text][\/vc_column_text][\/vc_column][\/vc_row]<\/p>\n","protected":false},"author":5,"featured_media":0,"parent":0,"menu_order":0,"comment_status":"closed","ping_status":"closed","template":"","meta":{"_acf_changed":false,"inline_featured_image":false,"footnotes":""},"class_list":["post-517","page","type-page","status-publish","hentry"],"acf":[],"yoast_head":"<!-- This site is optimized with the Yoast SEO plugin v27.2 - https:\/\/yoast.com\/product\/yoast-seo-wordpress\/ -->\n<title>Impressum - Zagreb<\/title>\n<meta name=\"description\" content=\"Sustav javnih bicikala je licencirani nextbike partner za Hrvatsku \u010dija osnovna djelatnost predvi\u0111a pru\u017eanje usluge implementacije i upravljanja sustavima javnih gradskih bicikala.\" \/>\n<meta name=\"robots\" content=\"index, follow, max-snippet:-1, max-image-preview:large, max-video-preview:-1\" \/>\n<link rel=\"canonical\" href=\"https:\/\/bajs.zagreb.hr\/hr\/impressum\/\" \/>\n<meta property=\"og:locale\" content=\"hr_HR\" \/>\n<meta property=\"og:type\" content=\"article\" \/>\n<meta property=\"og:title\" content=\"Impressum - Zagreb\" \/>\n<meta property=\"og:description\" content=\"Sustav javnih bicikala je licencirani nextbike partner za Hrvatsku \u010dija osnovna djelatnost predvi\u0111a pru\u017eanje usluge implementacije i upravljanja sustavima javnih gradskih bicikala.\" \/>\n<meta property=\"og:url\" content=\"https:\/\/bajs.zagreb.hr\/hr\/impressum\/\" \/>\n<meta property=\"og:site_name\" content=\"Zagreb\" \/>\n<meta property=\"article:modified_time\" content=\"2025-08-28T08:45:39+00:00\" \/>\n<meta name=\"twitter:card\" content=\"summary_large_image\" \/>\n<meta name=\"twitter:label1\" content=\"Procijenjeno vrijeme \u010ditanja\" \/>\n\t<meta name=\"twitter:data1\" content=\"1 minuta\" \/>\n<script type=\"application\/ld+json\" class=\"yoast-schema-graph\">{\"@context\":\"https:\/\/schema.org\",\"@graph\":[{\"@type\":\"WebPage\",\"@id\":\"https:\/\/bajs.zagreb.hr\/hr\/impressum\/\",\"url\":\"https:\/\/bajs.zagreb.hr\/hr\/impressum\/\",\"name\":\"Impressum - Zagreb\",\"isPartOf\":{\"@id\":\"https:\/\/bajs.zagreb.hr\/hr\/#website\"},\"datePublished\":\"2022-08-11T10:13:47+00:00\",\"dateModified\":\"2025-08-28T08:45:39+00:00\",\"description\":\"Sustav javnih bicikala je licencirani nextbike partner za Hrvatsku \u010dija osnovna djelatnost predvi\u0111a pru\u017eanje usluge implementacije i upravljanja sustavima javnih gradskih bicikala.\",\"breadcrumb\":{\"@id\":\"https:\/\/bajs.zagreb.hr\/hr\/impressum\/#breadcrumb\"},\"inLanguage\":\"hr\",\"potentialAction\":[{\"@type\":\"ReadAction\",\"target\":[\"https:\/\/bajs.zagreb.hr\/hr\/impressum\/\"]}]},{\"@type\":\"BreadcrumbList\",\"@id\":\"https:\/\/bajs.zagreb.hr\/hr\/impressum\/#breadcrumb\",\"itemListElement\":[{\"@type\":\"ListItem\",\"position\":1,\"name\":\"Startseite\",\"item\":\"https:\/\/bajs.zagreb.hr\/hr\/\"},{\"@type\":\"ListItem\",\"position\":2,\"name\":\"Impressum\"}]},{\"@type\":\"WebSite\",\"@id\":\"https:\/\/bajs.zagreb.hr\/hr\/#website\",\"url\":\"https:\/\/bajs.zagreb.hr\/hr\/\",\"name\":\"Zagreb\",\"description\":\"Eine weitere Nextbike Websites Website \",\"potentialAction\":[{\"@type\":\"SearchAction\",\"target\":{\"@type\":\"EntryPoint\",\"urlTemplate\":\"https:\/\/bajs.zagreb.hr\/hr\/?s={search_term_string}\"},\"query-input\":{\"@type\":\"PropertyValueSpecification\",\"valueRequired\":true,\"valueName\":\"search_term_string\"}}],\"inLanguage\":\"hr\"}]}<\/script>\n<!-- \/ Yoast SEO plugin. -->","yoast_head_json":{"title":"Impressum - Zagreb","description":"Sustav javnih bicikala je licencirani nextbike partner za Hrvatsku \u010dija osnovna djelatnost predvi\u0111a pru\u017eanje usluge implementacije i upravljanja sustavima javnih gradskih bicikala.","robots":{"index":"index","follow":"follow","max-snippet":"max-snippet:-1","max-image-preview":"max-image-preview:large","max-video-preview":"max-video-preview:-1"},"canonical":"https:\/\/bajs.zagreb.hr\/hr\/impressum\/","og_locale":"hr_HR","og_type":"article","og_title":"Impressum - Zagreb","og_description":"Sustav javnih bicikala je licencirani nextbike partner za Hrvatsku \u010dija osnovna djelatnost predvi\u0111a pru\u017eanje usluge implementacije i upravljanja sustavima javnih gradskih bicikala.","og_url":"https:\/\/bajs.zagreb.hr\/hr\/impressum\/","og_site_name":"Zagreb","article_modified_time":"2025-08-28T08:45:39+00:00","twitter_card":"summary_large_image","twitter_misc":{"Procijenjeno vrijeme \u010ditanja":"1 minuta"},"schema":{"@context":"https:\/\/schema.org","@graph":[{"@type":"WebPage","@id":"https:\/\/bajs.zagreb.hr\/hr\/impressum\/","url":"https:\/\/bajs.zagreb.hr\/hr\/impressum\/","name":"Impressum - Zagreb","isPartOf":{"@id":"https:\/\/bajs.zagreb.hr\/hr\/#website"},"datePublished":"2022-08-11T10:13:47+00:00","dateModified":"2025-08-28T08:45:39+00:00","description":"Sustav javnih bicikala je licencirani nextbike partner za Hrvatsku \u010dija osnovna djelatnost predvi\u0111a pru\u017eanje usluge implementacije i upravljanja sustavima javnih gradskih bicikala.","breadcrumb":{"@id":"https:\/\/bajs.zagreb.hr\/hr\/impressum\/#breadcrumb"},"inLanguage":"hr","potentialAction":[{"@type":"ReadAction","target":["https:\/\/bajs.zagreb.hr\/hr\/impressum\/"]}]},{"@type":"BreadcrumbList","@id":"https:\/\/bajs.zagreb.hr\/hr\/impressum\/#breadcrumb","itemListElement":[{"@type":"ListItem","position":1,"name":"Startseite","item":"https:\/\/bajs.zagreb.hr\/hr\/"},{"@type":"ListItem","position":2,"name":"Impressum"}]},{"@type":"WebSite","@id":"https:\/\/bajs.zagreb.hr\/hr\/#website","url":"https:\/\/bajs.zagreb.hr\/hr\/","name":"Zagreb","description":"Eine weitere Nextbike Websites Website ","potentialAction":[{"@type":"SearchAction","target":{"@type":"EntryPoint","urlTemplate":"https:\/\/bajs.zagreb.hr\/hr\/?s={search_term_string}"},"query-input":{"@type":"PropertyValueSpecification","valueRequired":true,"valueName":"search_term_string"}}],"inLanguage":"hr"}]}},"_links":{"self":[{"href":"https:\/\/bajs.zagreb.hr\/hr\/wp-json\/wp\/v2\/pages\/517","targetHints":{"allow":["GET"]}}],"collection":[{"href":"https:\/\/bajs.zagreb.hr\/hr\/wp-json\/wp\/v2\/pages"}],"about":[{"href":"https:\/\/bajs.zagreb.hr\/hr\/wp-json\/wp\/v2\/types\/page"}],"author":[{"embeddable":true,"href":"https:\/\/bajs.zagreb.hr\/hr\/wp-json\/wp\/v2\/users\/5"}],"replies":[{"embeddable":true,"href":"https:\/\/bajs.zagreb.hr\/hr\/wp-json\/wp\/v2\/comments?post=517"}],"version-history":[{"count":2,"href":"https:\/\/bajs.zagreb.hr\/hr\/wp-json\/wp\/v2\/pages\/517\/revisions"}],"predecessor-version":[{"id":731,"href":"https:\/\/bajs.zagreb.hr\/hr\/wp-json\/wp\/v2\/pages\/517\/revisions\/731"}],"wp:attachment":[{"href":"https:\/\/bajs.zagreb.hr\/hr\/wp-json\/wp\/v2\/media?parent=517"}],"curies":[{"name":"wp","href":"https:\/\/api.w.org\/{rel}","templated":true}]}}